{"id":534,"date":"2018-11-22T02:35:27","date_gmt":"2018-11-22T02:35:27","guid":{"rendered":"https:\/\/auteur.g5plus.net\/elementor\/?page_id=534"},"modified":"2024-12-16T20:13:17","modified_gmt":"2024-12-16T20:13:17","slug":"contact-us-01","status":"publish","type":"page","link":"https:\/\/gbmarrero.com\/en\/contact-us-01\/","title":{"rendered":"Contacto"},"content":{"rendered":"<div data-elementor-type=\"wp-page\" data-elementor-id=\"534\" class=\"elementor elementor-534\" data-elementor-post-type=\"page\">\n\t\t\t\t\t\t<section class=\"elementor-section elementor-top-section elementor-element elementor-element-61d3c85b684a2 elementor-section-boxed elementor-section-height-default elementor-section-height-default\" data-id=\"61d3c85b684a2\" data-element_type=\"section\" data-e-type=\"section\">\n\t\t\t\t\t\t<div class=\"elementor-container elementor-column-gap-default\">\n\t\t\t\t\t<div class=\"elementor-column elementor-col-100 elementor-top-column elementor-element elementor-element-2affba0\" data-id=\"2affba0\" data-element_type=\"column\" data-e-type=\"column\">\n\t\t\t<div class=\"elementor-widget-wrap elementor-element-populated\">\n\t\t\t\t\t\t<div class=\"elementor-element elementor-element-dea5cbd elementor-align-center elementor-widget elementor-widget-ube-heading\" data-id=\"dea5cbd\" data-element_type=\"widget\" data-e-type=\"widget\" data-widget_type=\"ube-heading.default\">\n\t\t\t\t<div class=\"elementor-widget-container\">\n\t\t\t\t\t<div class=\"ube-heading\">\n\t<h2 class=\"ube-heading-title\">Contacte conmigo <\/h2><\/div>\t\t\t\t<\/div>\n\t\t\t\t<\/div>\n\t\t\t\t<section class=\"elementor-section elementor-inner-section elementor-element elementor-element-ad8d2b6 elementor-section-boxed elementor-section-height-default elementor-section-height-default\" data-id=\"ad8d2b6\" data-element_type=\"section\" data-e-type=\"section\">\n\t\t\t\t\t\t<div class=\"elementor-container elementor-column-gap-default\">\n\t\t\t\t\t<div class=\"elementor-column elementor-col-33 elementor-inner-column elementor-element elementor-element-6b13319\" data-id=\"6b13319\" data-element_type=\"column\" data-e-type=\"column\">\n\t\t\t<div class=\"elementor-widget-wrap elementor-element-populated\">\n\t\t\t\t\t\t<div class=\"elementor-element elementor-element-e056e58 ube-position-left elementor-view-default elementor-widget elementor-widget-ube-icon-box\" data-id=\"e056e58\" data-element_type=\"widget\" data-e-type=\"widget\" data-widget_type=\"ube-icon-box.default\">\n\t\t\t\t<div class=\"elementor-widget-container\">\n\t\t\t\t\t<div class=\"ube-icon-box-wrapper\">\n\t<div class=\"ube-icon-box\">\n\t\t\t\t\t<div class=\"ube-ib-icon\">\n\t\t\t\t<span class=\"elementor-icon\"><svg xmlns=\"http:\/\/www.w3.org\/2000\/svg\" viewbox=\"0 0 384 512\"><path d=\"M192 96c-52.935 0-96 43.065-96 96s43.065 96 96 96 96-43.065 96-96-43.065-96-96-96zm0 160c-35.29 0-64-28.71-64-64s28.71-64 64-64 64 28.71 64 64-28.71 64-64 64zm0-256C85.961 0 0 85.961 0 192c0 77.413 26.97 99.031 172.268 309.67 9.534 13.772 29.929 13.774 39.465 0C357.03 291.031 384 269.413 384 192 384 85.961 298.039 0 192 0zm0 473.931C52.705 272.488 32 256.494 32 192c0-42.738 16.643-82.917 46.863-113.137S149.262 32 192 32s82.917 16.643 113.137 46.863S352 149.262 352 192c0 64.49-20.692 80.47-160 281.931z\"><\/path><\/svg><\/span>\t\t\t<\/div>\n\t\t\t\t\t\t\t<div class=\"ube-ib-content\">\n\t\t\t\t<h3 class=\"ube-ib-title mb-0\"><span >DIRECCI\u00d3N <\/span><\/h3>\t\t\t\t\t\t\t\t\t<div class=\"ube-ib-desc mb-0\">Avenida de los marrero 16 lomo quiebre 35138 Mog\u00e1n,Las palmas de Gran Cananria <\/div>\n\t\t\t\t\t\t\t<\/div>\n\t\t\t<\/div>\n\t<\/div>\n\n\t\t\t\t<\/div>\n\t\t\t\t<\/div>\n\t\t\t\t\t<\/div>\n\t\t<\/div>\n\t\t\t\t<div class=\"elementor-column elementor-col-33 elementor-inner-column elementor-element elementor-element-d8ef319\" data-id=\"d8ef319\" data-element_type=\"column\" data-e-type=\"column\">\n\t\t\t<div class=\"elementor-widget-wrap elementor-element-populated\">\n\t\t\t\t\t\t<div class=\"elementor-element elementor-element-557eb33 ube-position-left elementor-view-default elementor-widget elementor-widget-ube-icon-box\" data-id=\"557eb33\" data-element_type=\"widget\" data-e-type=\"widget\" data-widget_type=\"ube-icon-box.default\">\n\t\t\t\t<div class=\"elementor-widget-container\">\n\t\t\t\t\t<div class=\"ube-icon-box-wrapper\">\n\t<div class=\"ube-icon-box\">\n\t\t\t\t\t<div class=\"ube-ib-icon\">\n\t\t\t\t<span class=\"elementor-icon\"><svg xmlns=\"http:\/\/www.w3.org\/2000\/svg\" viewbox=\"0 0 512 512\"><path d=\"M487.8 24.1L387 .8c-14.7-3.4-29.8 4.2-35.8 18.1l-46.5 108.5c-5.5 12.7-1.8 27.7 8.9 36.5l53.9 44.1c-34 69.2-90.3 125.6-159.6 159.6l-44.1-53.9c-8.8-10.7-23.8-14.4-36.5-8.9L18.9 351.3C5 357.3-2.6 372.3.8 387L24 487.7C27.3 502 39.9 512 54.5 512 306.7 512 512 307.8 512 54.5c0-14.6-10-27.2-24.2-30.4zM55.1 480l-23-99.6 107.4-46 59.5 72.8c103.6-48.6 159.7-104.9 208.1-208.1l-72.8-59.5 46-107.4 99.6 23C479.7 289.7 289.6 479.7 55.1 480z\"><\/path><\/svg><\/span>\t\t\t<\/div>\n\t\t\t\t\t\t\t<div class=\"ube-ib-content\">\n\t\t\t\t<h3 class=\"ube-ib-title mb-0\"><span >LL\u00c1MAME<\/span><\/h3>\t\t\t\t\t\t\t\t\t<div class=\"ube-ib-desc mb-0\"> <div class=\"fs-15 primary-font\" style=\"color: #7e7e7e;line-height: 2.13\">Mobile: <span class=\"fw-bold heading-color\">(+88) \u2013 1990 \u2013 6886<\/span><br>\nHotline: <span class=\"fw-bold heading-color\">1800 \u2013 1102<\/span><br>\nMail: contact@auteur.com<\/div>\n                 <\/div>\n\t\t\t\t\t\t\t<\/div>\n\t\t\t<\/div>\n\t<\/div>\n\n\t\t\t\t<\/div>\n\t\t\t\t<\/div>\n\t\t\t\t\t<\/div>\n\t\t<\/div>\n\t\t\t\t<div class=\"elementor-column elementor-col-33 elementor-inner-column elementor-element elementor-element-279df3c\" data-id=\"279df3c\" data-element_type=\"column\" data-e-type=\"column\">\n\t\t\t<div class=\"elementor-widget-wrap elementor-element-populated\">\n\t\t\t\t\t\t<div class=\"elementor-element elementor-element-7c67199 ube-position-left elementor-view-default elementor-widget elementor-widget-ube-icon-box\" data-id=\"7c67199\" data-element_type=\"widget\" data-e-type=\"widget\" data-widget_type=\"ube-icon-box.default\">\n\t\t\t\t<div class=\"elementor-widget-container\">\n\t\t\t\t\t<div class=\"ube-icon-box-wrapper\">\n\t<div class=\"ube-icon-box\">\n\t\t\t\t\t<div class=\"ube-ib-icon\">\n\t\t\t\t<span class=\"elementor-icon\"><svg xmlns=\"http:\/\/www.w3.org\/2000\/svg\" viewbox=\"0 0 512 512\"><path d=\"M256 8C119 8 8 119 8 256s111 248 248 248 248-111 248-248S393 8 256 8zm216 248c0 118.7-96.1 216-216 216-118.7 0-216-96.1-216-216 0-118.7 96.1-216 216-216 118.7 0 216 96.1 216 216zm-148.9 88.3l-81.2-59c-3.1-2.3-4.9-5.9-4.9-9.7V116c0-6.6 5.4-12 12-12h14c6.6 0 12 5.4 12 12v146.3l70.5 51.3c5.4 3.9 6.5 11.4 2.6 16.8l-8.2 11.3c-3.9 5.3-11.4 6.5-16.8 2.6z\"><\/path><\/svg><\/span>\t\t\t<\/div>\n\t\t\t\t\t\t\t<div class=\"ube-ib-content\">\n\t\t\t\t<h3 class=\"ube-ib-title mb-0\"><span >HORIOS <\/span><\/h3>\t\t\t\t\t\t\t\t\t<div class=\"ube-ib-desc mb-0\"><div class=\"fs-15 primary-font\" style=\"color: #7e7e7e;line-height: 2.13\">Monday \u2013 Friday: 09:00 \u2013 20:00<br>\nSunday &amp; Saturday: 10:30 \u2013 22:00<\/div><\/div>\n\t\t\t\t\t\t\t<\/div>\n\t\t\t<\/div>\n\t<\/div>\n\n\t\t\t\t<\/div>\n\t\t\t\t<\/div>\n\t\t\t\t\t<\/div>\n\t\t<\/div>\n\t\t\t\t\t<\/div>\n\t\t<\/section>\n\t\t\t\t<div class=\"elementor-element elementor-element-b2d37be elementor-widget elementor-widget-ube-mapbox\" data-id=\"b2d37be\" data-element_type=\"widget\" data-e-type=\"widget\" data-widget_type=\"ube-mapbox.default\">\n\t\t\t\t<div class=\"elementor-widget-container\">\n\t\t\t\t\t<div class=\"ube-map-box ube-map-box-effect\" id=\"ube_map_box_b2d37be\" data-options=\"{&quot;scrollwheel&quot;:false,&quot;skin&quot;:&quot;skin3&quot;,&quot;container&quot;:&quot;ube_map_box_b2d37be&quot;,&quot;zoom&quot;:13}\" data-markers=\"[{&quot;position&quot;:{&quot;lat&quot;:&quot;40.735601&quot;,&quot;lng&quot;:&quot;-74.165918&quot;},&quot;marker&quot;:&quot;&quot;,&quot;popup&quot;:&quot;\\t\\t&lt;div class=\\&quot;card\\&quot;&gt;\\n\\t\\t\\t\\t\\t\\t&lt;div class=\\&quot;card-body\\&quot;&gt;\\n\\t\\t\\t\\t\\t\\t\\t\\t\\t&lt;h5 class=\\&quot;card-title\\&quot;&gt;6300-6310 20th Ave&lt;\\\/h5&gt;\\n\\t\\t\\t\\t\\t\\t\\t\\t\\t\\t\\t\\t\\t&lt;p class=\\&quot;card-text\\&quot;&gt;Brooklyn, NY 11204&lt;\\\/p&gt;\\n\\t\\t\\t\\t\\n\\t\\t\\t&lt;\\\/div&gt;\\n\\t\\t&lt;\\\/div&gt;\\n\\t\\t&quot;}]\" ><\/div>\n\t\t\t\t<\/div>\n\t\t\t\t<\/div>\n\t\t\t\t\t<\/div>\n\t\t<\/div>\n\t\t\t\t\t<\/div>\n\t\t<\/section>\n\t\t\t\t<section class=\"elementor-section elementor-top-section elementor-element elementor-element-61d3c88ac249c elementor-section-boxed elementor-section-height-default elementor-section-height-default\" data-id=\"61d3c88ac249c\" data-element_type=\"section\" data-e-type=\"section\">\n\t\t\t\t\t\t<div class=\"elementor-container elementor-column-gap-default\">\n\t\t\t\t\t<div class=\"elementor-column elementor-col-100 elementor-top-column elementor-element elementor-element-0459420\" data-id=\"0459420\" data-element_type=\"column\" data-e-type=\"column\">\n\t\t\t<div class=\"elementor-widget-wrap elementor-element-populated\">\n\t\t\t\t\t\t<div class=\"elementor-element elementor-element-0b3d9b4 elementor-align-center elementor-widget elementor-widget-ube-heading\" data-id=\"0b3d9b4\" data-element_type=\"widget\" data-e-type=\"widget\" data-widget_type=\"ube-heading.default\">\n\t\t\t\t<div class=\"elementor-widget-container\">\n\t\t\t\t\t<div class=\"ube-heading\">\n\t<h2 class=\"ube-heading-title\">Enviarme un mensaje<\/h2><\/div>\t\t\t\t<\/div>\n\t\t\t\t<\/div>\n\t\t\t\t<div class=\"elementor-element elementor-element-3652db0 ube-contact-form-7-button-custom elementor-widget elementor-widget-ube-contact-form-7\" data-id=\"3652db0\" data-element_type=\"widget\" data-e-type=\"widget\" data-widget_type=\"ube-contact-form-7.default\">\n\t\t\t\t<div class=\"elementor-widget-container\">\n\t\t\t\t\t    <div class=\"ube-contact-form-7-wrapper\">\n        <div class=\"ube-contact-form ube-contact-form-7 ube-contact-form-3652db0 ube-contact-form-7-button-custom\">\n\t\t\t\n<div class=\"wpcf7 no-js\" id=\"wpcf7-f541-o1\" lang=\"en-US\" dir=\"ltr\" data-wpcf7-id=\"541\">\n<div class=\"screen-reader-response\"><p role=\"status\" aria-live=\"polite\" aria-atomic=\"true\"><\/p> <ul><\/ul><\/div>\n<form action=\"\/en\/wp-json\/wp\/v2\/pages\/534#wpcf7-f541-o1\" method=\"post\" class=\"wpcf7-form init\" aria-label=\"Contact form\" novalidate=\"novalidate\" data-status=\"init\" data-trp-original-action=\"\/en\/wp-json\/wp\/v2\/pages\/534#wpcf7-f541-o1\">\n<fieldset class=\"hidden-fields-container\"><input type=\"hidden\" name=\"_wpcf7\" value=\"541\" \/><input type=\"hidden\" name=\"_wpcf7_version\" value=\"6.1\" \/><input type=\"hidden\" name=\"_wpcf7_locale\" value=\"en_US\" \/><input type=\"hidden\" name=\"_wpcf7_unit_tag\" value=\"wpcf7-f541-o1\" \/><input type=\"hidden\" name=\"_wpcf7_container_post\" value=\"0\" \/><input type=\"hidden\" name=\"_wpcf7_posted_data_hash\" value=\"\" \/>\n<\/fieldset>\n<div class=\"gsf-contact-form form-style-3 clearfix row\">\n\t<div class=\"ct-field ct-name col-sm-6\">\n\t\t<p><span class=\"wpcf7-form-control-wrap\" data-name=\"your-name\"><input size=\"40\" maxlength=\"400\" class=\"wpcf7-form-control wpcf7-text wpcf7-validates-as-required\" aria-required=\"true\" aria-invalid=\"false\" placeholder=\"Name\" value=\"\" type=\"text\" name=\"your-name\" \/><\/span>\n\t\t<\/p>\n\t<\/div>\n\t<div class=\"ct-field ct-email col-sm-6\">\n\t\t<p><span class=\"wpcf7-form-control-wrap\" data-name=\"your-email\"><input size=\"40\" maxlength=\"400\" class=\"wpcf7-form-control wpcf7-email wpcf7-validates-as-required wpcf7-text wpcf7-validates-as-email\" aria-required=\"true\" aria-invalid=\"false\" placeholder=\"Email\" value=\"\" type=\"email\" name=\"your-email\" \/><\/span>\n\t\t<\/p>\n\t<\/div>\n\t<div class=\"ct-field ct-message col-12\">\n\t\t<p><span class=\"wpcf7-form-control-wrap\" data-name=\"your-message\"><textarea cols=\"40\" rows=\"10\" maxlength=\"2000\" class=\"wpcf7-form-control wpcf7-textarea wpcf7-validates-as-required\" aria-required=\"true\" aria-invalid=\"false\" placeholder=\"Message\" name=\"your-message\"><\/textarea><\/span>\n\t\t<\/p>\n\t<\/div>\n\t<div class=\"ct-field ct-submit col-12 text-center\">\n\t\t<p><button type =\"submit\" class=\"btn btn-accent btn-classic btn-square btn-sm btn-icon-right\">SUBMIT<i class=\"fal fa-chevron-double-right\"><\/i><\/button>\n\t\t<\/p>\n\t<\/div>\n<\/div><div class=\"wpcf7-response-output\" aria-hidden=\"true\"><\/div>\n<input type=\"hidden\" name=\"trp-form-language\" value=\"en\"\/><\/form>\n<\/div>\n        <\/div>\n    <\/div>\n\t\t\t\t<\/div>\n\t\t\t\t<\/div>\n\t\t\t\t\t<\/div>\n\t\t<\/div>\n\t\t\t\t\t<\/div>\n\t\t<\/section>\n\t\t\t\t<\/div>","protected":false},"excerpt":{"rendered":"<p>Contacte conmigo DIRECCI\u00d3N Avenida de los marrero 16 lomo quiebre 35138 Mog\u00e1n,Las palmas de Gran Cananria LL\u00c1MAME Mobile: (+88) \u2013 1990 \u2013 6886 Hotline: 1800 \u2013 1102 Mail: contact@auteur.com HORIOS [&hellip;]<\/p>","protected":false},"author":1,"featured_media":0,"parent":0,"menu_order":0,"comment_status":"closed","ping_status":"closed","template":"elementor_header_footer","meta":{"footnotes":""},"class_list":["post-534","page","type-page","status-publish","hentry"],"_links":{"self":[{"href":"https:\/\/gbmarrero.com\/en\/wp-json\/wp\/v2\/pages\/534","targetHints":{"allow":["GET"]}}],"collection":[{"href":"https:\/\/gbmarrero.com\/en\/wp-json\/wp\/v2\/pages"}],"about":[{"href":"https:\/\/gbmarrero.com\/en\/wp-json\/wp\/v2\/types\/page"}],"author":[{"embeddable":true,"href":"https:\/\/gbmarrero.com\/en\/wp-json\/wp\/v2\/users\/1"}],"replies":[{"embeddable":true,"href":"https:\/\/gbmarrero.com\/en\/wp-json\/wp\/v2\/comments?post=534"}],"version-history":[{"count":5,"href":"https:\/\/gbmarrero.com\/en\/wp-json\/wp\/v2\/pages\/534\/revisions"}],"predecessor-version":[{"id":3174,"href":"https:\/\/gbmarrero.com\/en\/wp-json\/wp\/v2\/pages\/534\/revisions\/3174"}],"wp:attachment":[{"href":"https:\/\/gbmarrero.com\/en\/wp-json\/wp\/v2\/media?parent=534"}],"curies":[{"name":"wp","href":"https:\/\/api.w.org\/{rel}","templated":true}]}}