{"id":125,"date":"2018-11-12T08:38:56","date_gmt":"2018-11-12T08:38:56","guid":{"rendered":"https:\/\/auteur.g5plus.net\/elementor\/?post_type=product&#038;p=125"},"modified":"2025-08-06T18:39:11","modified_gmt":"2025-08-06T18:39:11","slug":"susurros-del-silencio","status":"publish","type":"product","link":"https:\/\/gbmarrero.com\/en\/product\/susurros-del-silencio\/","title":{"rendered":"SUSURROS DEL SILENCIO"},"content":{"rendered":"<p>El arte de la oratoria es la fusi\u00f3n armoniosa del silencio y la palabra: uno da fuerza, la otra sentido. comunican m\u00e1s que ideas: despiertan emociones y conectan almas. Frases y poemas que nos har\u00e1 pensar y disfrutar del bello arte.<\/p>","protected":false},"excerpt":{"rendered":"<p>Quis autem vel eum iure reprehenderit qui in ea voluptate velit esse quam nihil molestiae consequatur, vel illum qui dolorem eum fugiat quo voluptas nulla pariatur erit qui in ea voluptate<\/p>","protected":false},"featured_media":3369,"comment_status":"open","ping_status":"closed","template":"","meta":[],"product_brand":[],"product_cat":[46],"product_tag":[],"class_list":{"0":"post-125","1":"product","2":"type-product","3":"status-publish","4":"has-post-thumbnail","6":"product_cat-for-kid","8":"first","9":"instock","10":"featured","11":"shipping-taxable","12":"purchasable","13":"product-type-simple"},"_links":{"self":[{"href":"https:\/\/gbmarrero.com\/en\/wp-json\/wp\/v2\/product\/125","targetHints":{"allow":["GET"]}}],"collection":[{"href":"https:\/\/gbmarrero.com\/en\/wp-json\/wp\/v2\/product"}],"about":[{"href":"https:\/\/gbmarrero.com\/en\/wp-json\/wp\/v2\/types\/product"}],"replies":[{"embeddable":true,"href":"https:\/\/gbmarrero.com\/en\/wp-json\/wp\/v2\/comments?post=125"}],"version-history":[{"count":5,"href":"https:\/\/gbmarrero.com\/en\/wp-json\/wp\/v2\/product\/125\/revisions"}],"predecessor-version":[{"id":3422,"href":"https:\/\/gbmarrero.com\/en\/wp-json\/wp\/v2\/product\/125\/revisions\/3422"}],"wp:featuredmedia":[{"embeddable":true,"href":"https:\/\/gbmarrero.com\/en\/wp-json\/wp\/v2\/media\/3369"}],"wp:attachment":[{"href":"https:\/\/gbmarrero.com\/en\/wp-json\/wp\/v2\/media?parent=125"}],"wp:term":[{"taxonomy":"product_brand","embeddable":true,"href":"https:\/\/gbmarrero.com\/en\/wp-json\/wp\/v2\/product_brand?post=125"},{"taxonomy":"product_cat","embeddable":true,"href":"https:\/\/gbmarrero.com\/en\/wp-json\/wp\/v2\/product_cat?post=125"},{"taxonomy":"product_tag","embeddable":true,"href":"https:\/\/gbmarrero.com\/en\/wp-json\/wp\/v2\/product_tag?post=125"}],"curies":[{"name":"wp","href":"https:\/\/api.w.org\/{rel}","templated":true}]}}